{"id":21,"date":"2014-08-06T07:48:18","date_gmt":"2014-08-06T07:48:18","guid":{"rendered":"http:\/\/tischlerei-kohlmeyer.de\/?page_id=21"},"modified":"2014-08-07T16:45:29","modified_gmt":"2014-08-07T16:45:29","slug":"impressum","status":"publish","type":"page","link":"https:\/\/www.tischlerei-kohlmeyer.de\/?page_id=21","title":{"rendered":"Impressum"},"content":{"rendered":"<p>Ulrich Kohlmeyer<br \/>\nTischlermeister<\/p>\n<p>Bahnhofstr. 47<br \/>\n29574 Ebstorf<br \/>\nT. 05822 93 45<\/p>\n<p>www.tischlerei-kohlmeyer.de<br \/>\ninfo@ tischlerei-kohlmeyer.de<\/p>\n<p>Betreuung \u2013 Gestaltung \u2013 technische Umsetzung \u2013 Web-Design<br \/>\nChordesign Felice\u00a0Meer<br \/>\nkontakt@chordesign.de<br \/>\n<a href=\"http:\/\/www.chordesign.de\" target=\"_blank\">www.chordesign.de<\/a><br \/>\nInhaltlich Verantwortliche im Sinne \u00a7 55 Absatz 2 RStV: Ulrich Kohlmeyer<\/p>\n<p>Copyrighthinweis<br \/>\nGestaltung, Grafiken, Kunstwerke, Fotos und Texte dieser Website sind urheberrechtlich gesch\u00fctzt und d\u00fcrfen ohne ausdr\u00fcckliche Zustimmung der Rechtsinhaber nicht kopiert oder anderweitig genutzt werden.<br \/>\nMit jeglichen Copyrightanfragen wenden Sie sich bitte an den Betreiber dieser Seite.<br \/>\nAlle Rechte sind vorbehalten.<\/p>\n<p>&nbsp;<\/p>\n<p>1. Haftungsbeschr\u00e4nkung<\/p>\n<p>Die Inhalte dieser Website werden mit gr\u00f6\u00dftm\u00f6glicher Sorgfalt erstellt. Der Anbieter \u00fcbernimmt jedoch keine Gew\u00e4hr f\u00fcr die Richtigkeit, Vollst\u00e4ndigkeit und Aktualit\u00e4t der bereitgestellten Inhalte. Die Nutzung der Inhalte der Website erfolgt auf eigene Gefahr des Nutzers. Namentlich gekennzeichnete Beitr\u00e4ge geben die Meinung des jeweiligen Autors und nicht immer die Meinung des Anbieters wieder. Mit der reinen Nutzung der Website des Anbieters kommt keinerlei Vertragsverh\u00e4ltnis zwischen dem Nutzer und dem Anbieter zustande.<\/p>\n<div>\n<p>2. Externe Links<\/p>\n<p>Diese Website enth\u00e4lt Verkn\u00fcpfungen zu Websites Dritter (\u201cexterne Links\u201d). Diese Websites unterliegen der Haftung der jeweiligen Betreiber. Der Anbieter hat bei der erstmaligen Verkn\u00fcpfung der externen Links die fremden Inhalte daraufhin \u00fcberpr\u00fcft, ob etwaige Rechtsverst\u00f6\u00dfe bestehen. Zu dem Zeitpunkt waren keine Rechtsverst\u00f6\u00dfe ersichtlich. Der Anbieter hat keinerlei Einfluss auf die aktuelle und zuk\u00fcnftige Gestaltung und auf die Inhalte der verkn\u00fcpften Seiten. Das Setzen von externen Links bedeutet nicht, dass sich der Anbieter die hinter dem Verweis oder Link liegenden Inhalte zu Eigen macht. Eine st\u00e4ndige Kontrolle der externen Links ist f\u00fcr den Anbieter ohne konkrete Hinweise auf Rechtsverst\u00f6\u00dfe nicht zumutbar. Bei Kenntnis von Rechtsverst\u00f6\u00dfen werden jedoch derartige externe Links unverz\u00fcglich gel\u00f6scht.<\/p>\n<\/div>\n<div>\n<p>3. Urheber- und Leistungsschutzrechte<\/p>\n<p>Die auf dieser Website ver\u00f6ffentlichten Inhalte unterliegen dem deutschen Urheber- und Leistungsschutzrecht. Jede vom deutschen Urheber- und Leistungsschutzrecht nicht zugelassene Verwertung bedarf der vorherigen schriftlichen Zustimmung des Anbieters oder jeweiligen Rechteinhabers. Dies gilt insbesondere f\u00fcr Vervielf\u00e4ltigung, Bearbeitung, \u00dcbersetzung, Einspeicherung, Verarbeitung bzw. Wiedergabe von Inhalten in Datenbanken oder anderen elektronischen Medien und Systemen. Inhalte und Rechte Dritter sind dabei als solche gekennzeichnet. Die unerlaubte Vervielf\u00e4ltigung oder Weitergabe einzelner Inhalte oder kompletter Seiten ist nicht gestattet und strafbar. Lediglich die Herstellung von Kopien und Downloads f\u00fcr den pers\u00f6nlichen, privaten und nicht kommerziellen Gebrauch ist erlaubt.<\/p>\n<\/div>\n<p>&nbsp;<\/p>\n<div>\n<p><em>Quelle: <a href=\"http:\/\/www.experten-branchenbuch.de\/rechtsanwalt\/mannheim\/\">Anw\u00e4lte Mannheim<\/a><\/em><\/p>\n<\/div>\n<p>&nbsp;<\/p>\n","protected":false},"excerpt":{"rendered":"<p>Ulrich Kohlmeyer Tischlermeister Bahnhofstr. 47 29574 Ebstorf T. 05822 93 45 www.tischlerei-kohlmeyer.de info@ tischlerei-kohlmeyer.de Betreuung \u2013 Gestaltung \u2013 technische Umsetzung \u2013 Web-Design Chordesign Felice\u00a0Meer kontakt@chordesign.de www.chordesign.de Inhaltlich Verantwortliche im Sinne [&hellip;]<\/p>\n","protected":false},"author":1,"featured_media":0,"parent":0,"menu_order":0,"comment_status":"closed","ping_status":"closed","template":"template-fullwidth.php","meta":{"footnotes":""},"_links":{"self":[{"href":"https:\/\/www.tischlerei-kohlmeyer.de\/index.php?rest_route=\/wp\/v2\/pages\/21"}],"collection":[{"href":"https:\/\/www.tischlerei-kohlmeyer.de\/index.php?rest_route=\/wp\/v2\/pages"}],"about":[{"href":"https:\/\/www.tischlerei-kohlmeyer.de\/index.php?rest_route=\/wp\/v2\/types\/page"}],"author":[{"embeddable":true,"href":"https:\/\/www.tischlerei-kohlmeyer.de\/index.php?rest_route=\/wp\/v2\/users\/1"}],"replies":[{"embeddable":true,"href":"https:\/\/www.tischlerei-kohlmeyer.de\/index.php?rest_route=%2Fwp%2Fv2%2Fcomments&post=21"}],"version-history":[{"count":2,"href":"https:\/\/www.tischlerei-kohlmeyer.de\/index.php?rest_route=\/wp\/v2\/pages\/21\/revisions"}],"predecessor-version":[{"id":33,"href":"https:\/\/www.tischlerei-kohlmeyer.de\/index.php?rest_route=\/wp\/v2\/pages\/21\/revisions\/33"}],"wp:attachment":[{"href":"https:\/\/www.tischlerei-kohlmeyer.de\/index.php?rest_route=%2Fwp%2Fv2%2Fmedia&parent=21"}],"curies":[{"name":"wp","href":"https:\/\/api.w.org\/{rel}","templated":true}]}}